{"id":125,"date":"2022-08-15T22:04:28","date_gmt":"2022-08-16T02:04:28","guid":{"rendered":"https:\/\/flyawayrecordingandmediastudiomontreal.com\/?page_id=125"},"modified":"2024-08-29T13:19:35","modified_gmt":"2024-08-29T17:19:35","slug":"contact","status":"publish","type":"page","link":"https:\/\/flyawayrecordingandmediastudiomontreal.com\/fr\/contact\/","title":{"rendered":"Contact"},"content":{"rendered":"<div class=\"wp-block-group alignfull has-text-color has-background has-link-color wp-elements-fe26235408b1678ff851ad550fe57fc3\" style=\"color:#000000;background-color:#ffffff;margin-top:0px;margin-bottom:0px;padding-top:7vw;padding-bottom:7vw\"><div class=\"wp-block-group__inner-container is-layout-constrained wp-block-group-is-layout-constrained\">\n<div class=\"wp-block-columns alignwide is-layout-flex wp-container-core-columns-is-layout-afe65d44 wp-block-columns-is-layout-flex\">\n<div class=\"wp-block-column is-layout-flow wp-block-column-is-layout-flow\">\n<figure class=\"wp-block-image size-full\"><img data-recalc-dims=\"1\" fetchpriority=\"high\" decoding=\"async\" width=\"748\" height=\"659\" data-attachment-id=\"250\" data-permalink=\"https:\/\/flyawayrecordingandmediastudiomontreal.com\/fr\/contact\/screen-shot-2022-10-03-at-10-33-51-pm\/\" data-orig-file=\"https:\/\/i0.wp.com\/flyawayrecordingandmediastudiomontreal.com\/wp-content\/uploads\/2022\/10\/Screen-Shot-2022-10-03-at-10.33.51-PM.png?fit=1004%2C884&amp;ssl=1\" data-orig-size=\"1004,884\" data-comments-opened=\"1\" data-image-meta=\"{&quot;aperture&quot;:&quot;0&quot;,&quot;credit&quot;:&quot;&quot;,&quot;camera&quot;:&quot;&quot;,&quot;caption&quot;:&quot;&quot;,&quot;created_timestamp&quot;:&quot;0&quot;,&quot;copyright&quot;:&quot;&quot;,&quot;focal_length&quot;:&quot;0&quot;,&quot;iso&quot;:&quot;0&quot;,&quot;shutter_speed&quot;:&quot;0&quot;,&quot;title&quot;:&quot;&quot;,&quot;orientation&quot;:&quot;0&quot;}\" data-image-title=\"The music studio owner\" data-image-description=\"\" data-image-caption=\"\" data-large-file=\"https:\/\/i0.wp.com\/flyawayrecordingandmediastudiomontreal.com\/wp-content\/uploads\/2022\/10\/Screen-Shot-2022-10-03-at-10.33.51-PM.png?fit=748%2C659&amp;ssl=1\" src=\"https:\/\/i0.wp.com\/flyawayrecordingandmediastudiomontreal.com\/wp-content\/uploads\/2022\/10\/Screen-Shot-2022-10-03-at-10.33.51-PM.png?resize=748%2C659&#038;ssl=1\" alt=\"\" class=\"wp-image-250\" srcset=\"https:\/\/i0.wp.com\/flyawayrecordingandmediastudiomontreal.com\/wp-content\/uploads\/2022\/10\/Screen-Shot-2022-10-03-at-10.33.51-PM.png?w=1004&amp;ssl=1 1004w, https:\/\/i0.wp.com\/flyawayrecordingandmediastudiomontreal.com\/wp-content\/uploads\/2022\/10\/Screen-Shot-2022-10-03-at-10.33.51-PM.png?resize=300%2C264&amp;ssl=1 300w, https:\/\/i0.wp.com\/flyawayrecordingandmediastudiomontreal.com\/wp-content\/uploads\/2022\/10\/Screen-Shot-2022-10-03-at-10.33.51-PM.png?resize=768%2C676&amp;ssl=1 768w, https:\/\/i0.wp.com\/flyawayrecordingandmediastudiomontreal.com\/wp-content\/uploads\/2022\/10\/Screen-Shot-2022-10-03-at-10.33.51-PM.png?resize=14%2C12&amp;ssl=1 14w\" sizes=\"(max-width: 748px) 100vw, 748px\" \/><\/figure>\n<\/div>\n\n\n\n<div class=\"wp-block-column is-layout-flow wp-block-column-is-layout-flow\">\n<p class=\"has-text-align-left wp-block-paragraph\">Salut ! Je m'appelle Jake ! Enchant\u00e9 de vous rencontrer ! (I'm bilingual)<br>Je m'investis passionn\u00e9ment dans le monde de la musique depuis plus de 20 ans maintenant !&nbsp;<br>Un peu sur moi :<br>14 ans de cours de musique : Royal Conservatory Of Toronto : Piano \u2013 Th\u00e9orie \u2013 Formation \u00e0 l'\u00e9coute<br>De 2008 \u00e0 2014 : Champlain College &amp; Bishop\u2019s University : \u00c9cole de commerce et de musique (programme mixte)<br>Ma\u00eetrise en musique et commerce&nbsp;<strong>&nbsp;&nbsp;<\/strong><br>Autoproduit, jou\u00e9, enregistr\u00e9 + mix\u00e9 + masteris\u00e9 4 albums \u00e0 succ\u00e8s<br>Audience Instagram <a rel=\"noreferrer noopener\" href=\"https:\/\/www.instagram.com\/somethinglikekites\/\" target=\"_blank\">@SomethingLikeKites<\/a> de 260 000 followers (V\u00e9rifi\u00e9)<br>Audience Twitter <a rel=\"noreferrer noopener\" href=\"https:\/\/twitter.com\/smthnglikekites\" data-type=\"URL\" data-id=\"https:\/\/twitter.com\/smthnglikekites\" target=\"_blank\">@SmthngLikeKites<\/a> de 1.6 million de followers (V\u00e9rifi\u00e9)<br>500 000 vues sur ma cha\u00eene YouTube<br>Plus de 500 artistes de Montr\u00e9al heureux enregistr\u00e9s - mix\u00e9s - masteris\u00e9s<br>Cr\u00e9dits pour l'enregistrement, le mix et la masterisation :&nbsp;<br>    \u2013 Universal Music Group (UMG)<br>    \u2013 Disques 7i\u00e8me Ciel<br>    \u2013 Zach Zoya (Artiste professionnel sign\u00e9 en tourn\u00e9e)<br>    \u2013 Disques TPI<br>    \u2013 NFL Canada<br>    \u2013 Foot Locker<br>    \u2013 Festival Osheaga<br>    \u2013 Festival d\u2019\u00c9t\u00e9 de Qu\u00e9bec<br>    \u2013 MTELUS&nbsp;<br>    \u2013 Virgin Radio&nbsp;<\/p>\n\n\n\n<p class=\"has-text-align-left margin-bottom-none wp-block-paragraph\">Envoyez-moi un message ou appelez-moi au <a href=\"tel:819-674-2420\">819-674-2420<\/a><br>Envoyez-moi un courriel \u00e0 <a href=\"mailto:somethinglikekites@gmail.com\">somethinglikekites@gmail.com<\/a> ou suivez-moi sur :<\/p>\n\n\n\n<ul class=\"wp-block-social-links margin-top-half is-layout-flex wp-block-social-links-is-layout-flex\"><li class=\"wp-social-link wp-social-link-instagram  wp-block-social-link\"><a href=\"https:\/\/www.instagram.com\/flyawaymusicandmediastudio\/\" class=\"wp-block-social-link-anchor\" target=\"_blank\" rel=\"noopener\"><svg width=\"24\" height=\"24\" viewbox=\"0 0 24 24\" version=\"1.1\" xmlns=\"http:\/\/www.w3.org\/2000\/svg\" aria-hidden=\"true\" focusable=\"false\"><path d=\"M12,4.622c2.403,0,2.688,0.009,3.637,0.052c0.877,0.04,1.354,0.187,1.671,0.31c0.42,0.163,0.72,0.358,1.035,0.673 c0.315,0.315,0.51,0.615,0.673,1.035c0.123,0.317,0.27,0.794,0.31,1.671c0.043,0.949,0.052,1.234,0.052,3.637 s-0.009,2.688-0.052,3.637c-0.04,0.877-0.187,1.354-0.31,1.671c-0.163,0.42-0.358,0.72-0.673,1.035 c-0.315,0.315-0.615,0.51-1.035,0.673c-0.317,0.123-0.794,0.27-1.671,0.31c-0.949,0.043-1.233,0.052-3.637,0.052 s-2.688-0.009-3.637-0.052c-0.877-0.04-1.354-0.187-1.671-0.31c-0.42-0.163-0.72-0.358-1.035-0.673 c-0.315-0.315-0.51-0.615-0.673-1.035c-0.123-0.317-0.27-0.794-0.31-1.671C4.631,14.688,4.622,14.403,4.622,12 s0.009-2.688,0.052-3.637c0.04-0.877,0.187-1.354,0.31-1.671c0.163-0.42,0.358-0.72,0.673-1.035 c0.315-0.315,0.615-0.51,1.035-0.673c0.317-0.123,0.794-0.27,1.671-0.31C9.312,4.631,9.597,4.622,12,4.622 M12,3 C9.556,3,9.249,3.01,8.289,3.054C7.331,3.098,6.677,3.25,6.105,3.472C5.513,3.702,5.011,4.01,4.511,4.511 c-0.5,0.5-0.808,1.002-1.038,1.594C3.25,6.677,3.098,7.331,3.054,8.289C3.01,9.249,3,9.556,3,12c0,2.444,0.01,2.751,0.054,3.711 c0.044,0.958,0.196,1.612,0.418,2.185c0.23,0.592,0.538,1.094,1.038,1.594c0.5,0.5,1.002,0.808,1.594,1.038 c0.572,0.222,1.227,0.375,2.185,0.418C9.249,20.99,9.556,21,12,21s2.751-0.01,3.711-0.054c0.958-0.044,1.612-0.196,2.185-0.418 c0.592-0.23,1.094-0.538,1.594-1.038c0.5-0.5,0.808-1.002,1.038-1.594c0.222-0.572,0.375-1.227,0.418-2.185 C20.99,14.751,21,14.444,21,12s-0.01-2.751-0.054-3.711c-0.044-0.958-0.196-1.612-0.418-2.185c-0.23-0.592-0.538-1.094-1.038-1.594 c-0.5-0.5-1.002-0.808-1.594-1.038c-0.572-0.222-1.227-0.375-2.185-0.418C14.751,3.01,14.444,3,12,3L12,3z M12,7.378 c-2.552,0-4.622,2.069-4.622,4.622S9.448,16.622,12,16.622s4.622-2.069,4.622-4.622S14.552,7.378,12,7.378z M12,15 c-1.657,0-3-1.343-3-3s1.343-3,3-3s3,1.343,3,3S13.657,15,12,15z M16.804,6.116c-0.596,0-1.08,0.484-1.08,1.08 s0.484,1.08,1.08,1.08c0.596,0,1.08-0.484,1.08-1.08S17.401,6.116,16.804,6.116z\"><\/path><\/svg><span class=\"wp-block-social-link-label screen-reader-text\">Instagram<\/span><\/a><\/li><\/ul>\n\n\n\n<p class=\"wp-block-paragraph\">Pour les sponsors, partenariats ou programmes d'affiliation, SVP contactez-nous \u00e0 <a href=\"mailto:contact@flyawayrecordingandmediastudiomontreal.com\">contact@flyawayrecordingandmediastudiomontreal.com<\/a>.<\/p>\n<\/div>\n<\/div>\n\n\n\n<h3 class=\"wp-block-heading has-text-align-center\">Localisation du studio :<\/h3>\n\n\n\n<p class=\"has-text-align-center wp-block-paragraph\">169 rue Bourget, Montr\u00e9al, Qu\u00e9bec, H4C 2M1<\/p>\n\n\n\n<pre class=\"wp-block-code\"><code><iframe src=\"https:\/\/www.google.com\/maps\/embed?pb=!1m18!1m12!1m3!1d2798.0484209997603!2d-73.59699738255617!3d45.46882850000001!2m3!1f0!2f0!3f0!3m2!1i1024!2i768!4f13.1!3m3!1m2!1s0x4cc91bc62b549e8d%3A0xe34229b1dbee2cc0!2sFly%20Away%20Recording%20%2B%20Media%20Studio!5e0!3m2!1sen!2sca!4v1664762158561!5m2!1sen!2sca\" width=\"100%\" height=\"450rem\" style=\"border:0;\" allowfullscreen=\"\" loading=\"lazy\" referrerpolicy=\"no-referrer-when-downgrade\"><\/iframe><\/code><\/pre>\n\n\n\n<p class=\"book-button-p\"><a href=\"https:\/\/flyawayrecordingandmediastudiomontreal.com\/fr\/studio-musique-montreal\/reserves-ta-seance\/\" class=\"book-button\">R\u00e9serve ta s\u00e9ance !<\/a><\/p>\n<\/div><\/div>","protected":false},"excerpt":{"rendered":"<p>Salut! Je m&#039;appelle Jake\u00a0! Heureux de vous rencontrer! (Je suis bilingue)Je suis passionn\u00e9ment investi dans le monde de la musique depuis maintenant plus de 20 ans ! Un peu de moi :14 ans de cours de musique : Royal Conservatory Of Toronto : Piano \u2013 Th\u00e9orie \u2013 Formation auditive2008 \u00e0 2014 : Champlain College &amp; Bishop&#039;s University : Business &amp; Music School (Joint \u2026 <a class=\"more-link\" href=\"https:\/\/flyawayrecordingandmediastudiomontreal.com\/fr\/contact\/\">Plus <span class=\"screen-reader-text\">Contact<\/span><\/a><\/p>","protected":false},"author":76224011,"featured_media":0,"parent":0,"menu_order":0,"comment_status":"closed","ping_status":"closed","template":"","meta":{"_crdt_document":"","om_disable_all_campaigns":false,"_uag_custom_page_level_css":"","_lmt_disableupdate":"","_lmt_disable":"","_monsterinsights_skip_tracking":false,"_monsterinsights_sitenote_active":false,"_monsterinsights_sitenote_note":"","_monsterinsights_sitenote_category":0,"footnotes":""},"tags":[],"class_list":["post-125","page","type-page","status-publish","hentry"],"uagb_featured_image_src":{"full":false,"thumbnail":false,"medium":false,"medium_large":false,"large":false,"1536x1536":false,"2048x2048":false,"trp-custom-language-flag":false,"newspack-article-block-landscape-large":false,"newspack-article-block-portrait-large":false,"newspack-article-block-square-large":false,"newspack-article-block-landscape-medium":false,"newspack-article-block-portrait-medium":false,"newspack-article-block-square-medium":false,"newspack-article-block-landscape-intermediate":false,"newspack-article-block-portrait-intermediate":false,"newspack-article-block-square-intermediate":false,"newspack-article-block-landscape-small":false,"newspack-article-block-portrait-small":false,"newspack-article-block-square-small":false,"newspack-article-block-landscape-tiny":false,"newspack-article-block-portrait-tiny":false,"newspack-article-block-square-tiny":false,"newspack-article-block-uncropped":false,"gateway-post-image":false,"gateway-page-image":false,"gateway-home":false,"gateway-site-logo":false},"uagb_author_info":{"display_name":"Calypso","author_link":"https:\/\/flyawayrecordingandmediastudiomontreal.com\/fr\/author\/calyp23\/"},"uagb_comment_info":0,"uagb_excerpt":"Hi! My name is Jake! Pleased to meet you! (Je suis bilingue)I have been passionately invested in the music world for over 20 years now!&nbsp;A little bit about myself:14 years of music lessons: Royal Conservatory Of Toronto: Piano &#8211; Theory &#8211; Ear Training2008 to 2014: Champlain College &amp; Bishop&#8217;s University: Business &amp; Music School (Joint&hellip;","jetpack_likes_enabled":true,"jetpack_sharing_enabled":true,"jetpack_shortlink":"https:\/\/wp.me\/PebNY1-21","jetpack-related-posts":[],"_links":{"self":[{"href":"https:\/\/flyawayrecordingandmediastudiomontreal.com\/fr\/wp-json\/wp\/v2\/pages\/125","targetHints":{"allow":["GET"]}}],"collection":[{"href":"https:\/\/flyawayrecordingandmediastudiomontreal.com\/fr\/wp-json\/wp\/v2\/pages"}],"about":[{"href":"https:\/\/flyawayrecordingandmediastudiomontreal.com\/fr\/wp-json\/wp\/v2\/types\/page"}],"author":[{"embeddable":true,"href":"https:\/\/flyawayrecordingandmediastudiomontreal.com\/fr\/wp-json\/wp\/v2\/users\/76224011"}],"replies":[{"embeddable":true,"href":"https:\/\/flyawayrecordingandmediastudiomontreal.com\/fr\/wp-json\/wp\/v2\/comments?post=125"}],"version-history":[{"count":1,"href":"https:\/\/flyawayrecordingandmediastudiomontreal.com\/fr\/wp-json\/wp\/v2\/pages\/125\/revisions"}],"predecessor-version":[{"id":5578,"href":"https:\/\/flyawayrecordingandmediastudiomontreal.com\/fr\/wp-json\/wp\/v2\/pages\/125\/revisions\/5578"}],"wp:attachment":[{"href":"https:\/\/flyawayrecordingandmediastudiomontreal.com\/fr\/wp-json\/wp\/v2\/media?parent=125"}],"wp:term":[{"taxonomy":"post_tag","embeddable":true,"href":"https:\/\/flyawayrecordingandmediastudiomontreal.com\/fr\/wp-json\/wp\/v2\/tags?post=125"}],"curies":[{"name":"wp","href":"https:\/\/api.w.org\/{rel}","templated":true}]}}