{"id":96,"date":"2022-08-15T21:21:07","date_gmt":"2022-08-16T01:21:07","guid":{"rendered":"https:\/\/flyawayrecordingandmediastudiomontreal.com\/?page_id=96"},"modified":"2023-07-07T23:33:20","modified_gmt":"2023-07-08T03:33:20","slug":"studio-photo-and-video-services","status":"publish","type":"page","link":"https:\/\/flyawayrecordingandmediastudiomontreal.com\/fr\/studio-musique-montreal\/studio-photo-video\/","title":{"rendered":"Studio Photos &amp; Studio Vid\u00e9os, Montr\u00e9al"},"content":{"rendered":"<div class=\"wp-block-columns alignwide is-layout-flex wp-container-core-columns-is-layout-8f761849 wp-block-columns-is-layout-flex\">\n<div class=\"wp-block-column is-layout-flow wp-block-column-is-layout-flow\" style=\"flex-basis:33.33%\">\n<p class=\"wp-block-paragraph\">Chez Fly Away Musique et M\u00e9dia studio d'enregistrement, nous sommes experts en <strong>service de production vid\u00e9o<\/strong> et nos <strong>s\u00e9ances photo professionnelles<\/strong> pour nos clients \u00e0 Montr\u00e9al, Canada.<\/p>\n\n\n\n<p class=\"wp-block-paragraph\" style=\"font-size:1.7rem\">Jette un coup d'oeil \u00e0 <a href=\"https:\/\/flyawayrecordingandmediastudiomontreal.com\/fr\/studio-musique-montreal\/enregistrement-mixage-mastering\/\">nos services d'enregistrement, mixage et mastering<\/a> et \u00e0 <a href=\"https:\/\/flyawayrecordingandmediastudiomontreal.com\/fr\/studio-musique-montreal\/studio-enregistrement-montreal\/\">l'environnement du studio d'enregistrement<\/a>!<\/p>\n\n\n\n<p class=\"book-button-p wp-block-paragraph\"><a class=\"book-button\" href=\"https:\/\/flyawayrecordingandmediastudiomontreal.com\/fr\/studio-musique-montreal\/reserves-ta-seance\/\">R\u00e9serve ta s\u00e9ance !<\/a><\/p>\n\n\n\n<div style=\"height:3em\" aria-hidden=\"true\" class=\"wp-block-spacer\"><\/div>\n\n\n\n<h2 class=\"wp-block-heading\">Services de production vid\u00e9o<\/h2>\n\n\n\n<p class=\"wp-block-paragraph\">Avec n'importe quelle id\u00e9e ou concept que tu as en t\u00eate, nous pouvons cr\u00e9er les vid\u00e9os musicales de tes r\u00eaves. Nous pouvons t'aider dans le <strong>processus cr\u00e9atif<\/strong> de ton projet et <strong>dans la production de ta vid\u00e9o<\/strong>. Avec notre <strong>service de post-production<\/strong>, tu repars avec ton clip musical parfait et pr\u00eat \u00e0 \u00eatre publi\u00e9.<\/p>\n\n\n\n<p class=\"wp-block-paragraph\" style=\"font-size:1.7rem\">Avec notre <strong>Infinity Wall comme \u00e0 Hollywood capable d'inclure tout le corps<\/strong>, incluant des \u00e9crans blancs, noirs et verts et notre cam\u00e9ra professionnelle, nous pouvons cr\u00e9er tout type de vid\u00e9os de qualit\u00e9 professionnelle.<\/p>\n\n\n\n<p class=\"wp-block-paragraph\" style=\"font-size:1.7rem\">Nous pouvons \u00e9galement t'aider avec le <strong>marketing de ta vid\u00e9o<\/strong>. <\/p>\n\n\n\n<div style=\"height:13px\" aria-hidden=\"true\" class=\"wp-block-spacer\"><\/div>\n\n\n\n<h2 class=\"wp-block-heading\">Services de shooting photo<\/h2>\n\n\n\n<p class=\"wp-block-paragraph\">Notre espace studio spacieux et enti\u00e8rement meubl\u00e9 est \u00e9galement adapt\u00e9 \u00e0&nbsp;<strong>la photographie<\/strong>. Nous pouvons prendre des photos des artistes et de leurs invit\u00e9s avec notre&nbsp;<strong>appareil photo professionnel<\/strong>&nbsp;et transformer l'ambiance \u00e0 ta guise pour cr\u00e9er des images qui se d\u00e9marquent avec nos&nbsp;<strong>lumi\u00e8res de couleur<\/strong>&nbsp;et nos&nbsp;<strong>murs infinis<\/strong>.<\/p>\n\n\n\n<p class=\"wp-block-paragraph\">Nos murs infinis (avec fond blanc, noir et vert) nous permettent de prendre des <strong>photos en pied<\/strong> et des <strong>portraits<\/strong> ou m\u00eame <strong>des photos de famille<\/strong>, au cours d'un photoshoot. Que ce soit pour ta photo de profil, ton portfolio, une couverture d'album ou un \u00e9v\u00e9nement sp\u00e9cifique, nous avons ce qu'il te faut pour couvrir tous tes besoins photos !<\/p>\n\n\n\n<p class=\"wp-block-paragraph\">Nous acceptons \u00e9galement les locations sur demande.<\/p>\n\n\n\n<p class=\"add-padding wp-block-paragraph\">Nous serions ravis de travailler avec toi pour tes photos et vid\u00e9os ! Alors contacte-nous pour obtenir plus d'informations et <a href=\"https:\/\/flyawayrecordingandmediastudiomontreal.com\/fr\/studio-musique-montreal\/reserves-ta-seance\/\">r\u00e9serve ta s\u00e9ance<\/a> aujourd'hui !<\/p>\n<\/div>\n\n\n\n<div class=\"wp-block-column is-layout-flow wp-block-column-is-layout-flow\" style=\"flex-basis:66.66%\">\n<figure class=\"wp-block-gallery has-nested-images columns-default is-cropped wp-block-gallery-1 is-layout-flex wp-block-gallery-is-layout-flex\">\n<figure class=\"wp-block-image size-large\"><img data-recalc-dims=\"1\" fetchpriority=\"high\" decoding=\"async\" width=\"748\" height=\"1330\" data-attachment-id=\"53\" data-permalink=\"https:\/\/flyawayrecordingandmediastudiomontreal.com\/fr\/studio-musique-montreal\/img_2119\/\" data-orig-file=\"https:\/\/i0.wp.com\/flyawayrecordingandmediastudiomontreal.com\/wp-content\/uploads\/2022\/08\/img_2119.jpg?fit=2268%2C4032&amp;ssl=1\" data-orig-size=\"2268,4032\" data-comments-opened=\"1\" data-image-meta=\"{&quot;aperture&quot;:&quot;0&quot;,&quot;credit&quot;:&quot;&quot;,&quot;camera&quot;:&quot;&quot;,&quot;caption&quot;:&quot;&quot;,&quot;created_timestamp&quot;:&quot;0&quot;,&quot;copyright&quot;:&quot;&quot;,&quot;focal_length&quot;:&quot;0&quot;,&quot;iso&quot;:&quot;0&quot;,&quot;shutter_speed&quot;:&quot;0&quot;,&quot;title&quot;:&quot;&quot;,&quot;orientation&quot;:&quot;0&quot;}\" data-image-title=\"Green screen infinity wall\" data-image-description=\"\" data-image-caption=\"\" data-medium-file=\"https:\/\/i0.wp.com\/flyawayrecordingandmediastudiomontreal.com\/wp-content\/uploads\/2022\/08\/img_2119.jpg?fit=169%2C300&amp;ssl=1\" data-large-file=\"https:\/\/i0.wp.com\/flyawayrecordingandmediastudiomontreal.com\/wp-content\/uploads\/2022\/08\/img_2119.jpg?fit=576%2C1024&amp;ssl=1\" data-id=\"53\" src=\"https:\/\/i0.wp.com\/flyawayrecordingandmediastudiomontreal.com\/wp-content\/uploads\/2022\/08\/img_2119.jpg?resize=748%2C1330&#038;ssl=1\" alt=\"google location studio photo Montreal avec fond vert pour flexibilit\u00e9 et motion design\" class=\"wp-image-53\"\/><\/figure>\n\n\n\n<figure class=\"wp-block-image size-large\"><img data-recalc-dims=\"1\" decoding=\"async\" width=\"748\" height=\"1330\" data-attachment-id=\"49\" data-permalink=\"https:\/\/flyawayrecordingandmediastudiomontreal.com\/fr\/studio-musique-montreal\/img_2118\/\" data-orig-file=\"https:\/\/i0.wp.com\/flyawayrecordingandmediastudiomontreal.com\/wp-content\/uploads\/2022\/08\/img_2118.jpg?fit=2268%2C4032&amp;ssl=1\" data-orig-size=\"2268,4032\" data-comments-opened=\"1\" data-image-meta=\"{&quot;aperture&quot;:&quot;0&quot;,&quot;credit&quot;:&quot;&quot;,&quot;camera&quot;:&quot;&quot;,&quot;caption&quot;:&quot;&quot;,&quot;created_timestamp&quot;:&quot;0&quot;,&quot;copyright&quot;:&quot;&quot;,&quot;focal_length&quot;:&quot;0&quot;,&quot;iso&quot;:&quot;0&quot;,&quot;shutter_speed&quot;:&quot;0&quot;,&quot;title&quot;:&quot;&quot;,&quot;orientation&quot;:&quot;0&quot;}\" data-image-title=\"White screen infinity wall\" data-image-description=\"\" data-image-caption=\"\" data-medium-file=\"https:\/\/i0.wp.com\/flyawayrecordingandmediastudiomontreal.com\/wp-content\/uploads\/2022\/08\/img_2118.jpg?fit=169%2C300&amp;ssl=1\" data-large-file=\"https:\/\/i0.wp.com\/flyawayrecordingandmediastudiomontreal.com\/wp-content\/uploads\/2022\/08\/img_2118.jpg?fit=576%2C1024&amp;ssl=1\" data-id=\"49\" src=\"https:\/\/i0.wp.com\/flyawayrecordingandmediastudiomontreal.com\/wp-content\/uploads\/2022\/08\/img_2118.jpg?resize=748%2C1330&#038;ssl=1\" alt=\"Propri\u00e9taire d&#039;entreprise studio photo \u00e9cran blanc incroyable pour la vid\u00e9o et photo professionnelle\" class=\"wp-image-49\"\/><\/figure>\n\n\n\n<figure class=\"wp-block-image size-large\"><img data-recalc-dims=\"1\" decoding=\"async\" width=\"748\" height=\"1330\" data-attachment-id=\"42\" data-permalink=\"https:\/\/flyawayrecordingandmediastudiomontreal.com\/fr\/studio-musique-montreal\/img_2120\/\" data-orig-file=\"https:\/\/i0.wp.com\/flyawayrecordingandmediastudiomontreal.com\/wp-content\/uploads\/2022\/08\/img_2120.jpg?fit=2268%2C4032&amp;ssl=1\" data-orig-size=\"2268,4032\" data-comments-opened=\"1\" data-image-meta=\"{&quot;aperture&quot;:&quot;0&quot;,&quot;credit&quot;:&quot;&quot;,&quot;camera&quot;:&quot;&quot;,&quot;caption&quot;:&quot;&quot;,&quot;created_timestamp&quot;:&quot;0&quot;,&quot;copyright&quot;:&quot;&quot;,&quot;focal_length&quot;:&quot;0&quot;,&quot;iso&quot;:&quot;0&quot;,&quot;shutter_speed&quot;:&quot;0&quot;,&quot;title&quot;:&quot;&quot;,&quot;orientation&quot;:&quot;0&quot;}\" data-image-title=\"Black screen infinity wall\" data-image-description=\"\" data-image-caption=\"\" data-medium-file=\"https:\/\/i0.wp.com\/flyawayrecordingandmediastudiomontreal.com\/wp-content\/uploads\/2022\/08\/img_2120.jpg?fit=169%2C300&amp;ssl=1\" data-large-file=\"https:\/\/i0.wp.com\/flyawayrecordingandmediastudiomontreal.com\/wp-content\/uploads\/2022\/08\/img_2120.jpg?fit=576%2C1024&amp;ssl=1\" data-id=\"42\" src=\"https:\/\/i0.wp.com\/flyawayrecordingandmediastudiomontreal.com\/wp-content\/uploads\/2022\/08\/img_2120.jpg?resize=748%2C1330&#038;ssl=1\" alt=\"agences de production vid\u00e9o et photo et \u00e9quipe de vente de la soci\u00e9t\u00e9 de marketing \u00e9cran noir\" class=\"wp-image-42\"\/><\/figure>\n\n\n\n<figure class=\"wp-block-image size-large\"><img data-recalc-dims=\"1\" loading=\"lazy\" decoding=\"async\" width=\"748\" height=\"421\" data-attachment-id=\"47\" data-permalink=\"https:\/\/flyawayrecordingandmediastudiomontreal.com\/fr\/studio-musique-montreal\/img_3334-4\/\" data-orig-file=\"https:\/\/i0.wp.com\/flyawayrecordingandmediastudiomontreal.com\/wp-content\/uploads\/2022\/08\/img_3334-1.jpg?fit=4032%2C2268&amp;ssl=1\" data-orig-size=\"4032,2268\" data-comments-opened=\"1\" data-image-meta=\"{&quot;aperture&quot;:&quot;1.5&quot;,&quot;credit&quot;:&quot;&quot;,&quot;camera&quot;:&quot;iPhone 13 Pro Max&quot;,&quot;caption&quot;:&quot;&quot;,&quot;created_timestamp&quot;:&quot;1659125080&quot;,&quot;copyright&quot;:&quot;&quot;,&quot;focal_length&quot;:&quot;5.7&quot;,&quot;iso&quot;:&quot;500&quot;,&quot;shutter_speed&quot;:&quot;0.025&quot;,&quot;title&quot;:&quot;&quot;,&quot;orientation&quot;:&quot;1&quot;}\" data-image-title=\"Infinity wall\" data-image-description=\"\" data-image-caption=\"\" data-medium-file=\"https:\/\/i0.wp.com\/flyawayrecordingandmediastudiomontreal.com\/wp-content\/uploads\/2022\/08\/img_3334-1.jpg?fit=300%2C169&amp;ssl=1\" data-large-file=\"https:\/\/i0.wp.com\/flyawayrecordingandmediastudiomontreal.com\/wp-content\/uploads\/2022\/08\/img_3334-1.jpg?fit=748%2C421&amp;ssl=1\" data-id=\"47\" src=\"https:\/\/i0.wp.com\/flyawayrecordingandmediastudiomontreal.com\/wp-content\/uploads\/2022\/08\/img_3334-1.jpg?resize=748%2C421&#038;ssl=1\" alt=\"Equipe de photographes professionnelle, location de studio photo exp\u00e9rience haut de gamme \u00e0 Montr\u00e9al, Qu\u00e9bec\" class=\"wp-image-47\"\/><\/figure>\n\n\n\n<figure class=\"wp-block-image size-large\"><img data-recalc-dims=\"1\" loading=\"lazy\" decoding=\"async\" width=\"748\" height=\"466\" data-attachment-id=\"50\" data-permalink=\"https:\/\/flyawayrecordingandmediastudiomontreal.com\/fr\/studio-musique-montreal\/img_3574\/\" data-orig-file=\"https:\/\/i0.wp.com\/flyawayrecordingandmediastudiomontreal.com\/wp-content\/uploads\/2022\/08\/img_3574.jpg?fit=1284%2C800&amp;ssl=1\" data-orig-size=\"1284,800\" data-comments-opened=\"1\" data-image-meta=\"{&quot;aperture&quot;:&quot;0&quot;,&quot;credit&quot;:&quot;&quot;,&quot;camera&quot;:&quot;&quot;,&quot;caption&quot;:&quot;&quot;,&quot;created_timestamp&quot;:&quot;0&quot;,&quot;copyright&quot;:&quot;&quot;,&quot;focal_length&quot;:&quot;0&quot;,&quot;iso&quot;:&quot;0&quot;,&quot;shutter_speed&quot;:&quot;0&quot;,&quot;title&quot;:&quot;&quot;,&quot;orientation&quot;:&quot;1&quot;}\" data-image-title=\"Green screen infinity wall\" data-image-description=\"\" data-image-caption=\"\" data-medium-file=\"https:\/\/i0.wp.com\/flyawayrecordingandmediastudiomontreal.com\/wp-content\/uploads\/2022\/08\/img_3574.jpg?fit=300%2C187&amp;ssl=1\" data-large-file=\"https:\/\/i0.wp.com\/flyawayrecordingandmediastudiomontreal.com\/wp-content\/uploads\/2022\/08\/img_3574.jpg?fit=748%2C466&amp;ssl=1\" data-id=\"50\" src=\"https:\/\/i0.wp.com\/flyawayrecordingandmediastudiomontreal.com\/wp-content\/uploads\/2022\/08\/img_3574.jpg?resize=748%2C466&#038;ssl=1\" alt=\"S\u00e9ance photos avec l&#039;\u00e9quipe de photographes du studio de photographie\" class=\"wp-image-50\"\/><\/figure>\n\n\n\n<figure class=\"wp-block-image size-large\"><img data-recalc-dims=\"1\" loading=\"lazy\" decoding=\"async\" width=\"748\" height=\"997\" data-attachment-id=\"44\" data-permalink=\"https:\/\/flyawayrecordingandmediastudiomontreal.com\/fr\/studio-musique-montreal\/67617594664__2d85200f-ea40-4846-a66c-d533695b8475\/\" data-orig-file=\"https:\/\/i0.wp.com\/flyawayrecordingandmediastudiomontreal.com\/wp-content\/uploads\/2022\/08\/67617594664__2d85200f-ea40-4846-a66c-d533695b8475.jpg?fit=3024%2C4032&amp;ssl=1\" data-orig-size=\"3024,4032\" data-comments-opened=\"1\" data-image-meta=\"{&quot;aperture&quot;:&quot;1.5&quot;,&quot;credit&quot;:&quot;&quot;,&quot;camera&quot;:&quot;iPhone 13 Pro Max&quot;,&quot;caption&quot;:&quot;&quot;,&quot;created_timestamp&quot;:&quot;1654468746&quot;,&quot;copyright&quot;:&quot;&quot;,&quot;focal_length&quot;:&quot;5.7&quot;,&quot;iso&quot;:&quot;200&quot;,&quot;shutter_speed&quot;:&quot;0.016666666666667&quot;,&quot;title&quot;:&quot;&quot;,&quot;orientation&quot;:&quot;1&quot;}\" data-image-title=\"Video editing\" data-image-description=\"\" data-image-caption=\"\" data-medium-file=\"https:\/\/i0.wp.com\/flyawayrecordingandmediastudiomontreal.com\/wp-content\/uploads\/2022\/08\/67617594664__2d85200f-ea40-4846-a66c-d533695b8475.jpg?fit=225%2C300&amp;ssl=1\" data-large-file=\"https:\/\/i0.wp.com\/flyawayrecordingandmediastudiomontreal.com\/wp-content\/uploads\/2022\/08\/67617594664__2d85200f-ea40-4846-a66c-d533695b8475.jpg?fit=748%2C997&amp;ssl=1\" data-id=\"44\" src=\"https:\/\/i0.wp.com\/flyawayrecordingandmediastudiomontreal.com\/wp-content\/uploads\/2022\/08\/67617594664__2d85200f-ea40-4846-a66c-d533695b8475.jpg?resize=748%2C997&#038;ssl=1\" alt=\"Entreprise de cr\u00e9ation vid\u00e9o, s\u00e9ance pour la production de vid\u00e9os professionnelles et photographie\" class=\"wp-image-44\"\/><\/figure>\n\n\n\n<figure class=\"wp-block-image size-large\"><img data-recalc-dims=\"1\" loading=\"lazy\" decoding=\"async\" width=\"748\" height=\"421\" data-attachment-id=\"48\" data-permalink=\"https:\/\/flyawayrecordingandmediastudiomontreal.com\/fr\/studio-musique-montreal\/img_2117\/\" data-orig-file=\"https:\/\/i0.wp.com\/flyawayrecordingandmediastudiomontreal.com\/wp-content\/uploads\/2022\/08\/img_2117.jpg?fit=4032%2C2268&amp;ssl=1\" data-orig-size=\"4032,2268\" data-comments-opened=\"1\" data-image-meta=\"{&quot;aperture&quot;:&quot;0&quot;,&quot;credit&quot;:&quot;&quot;,&quot;camera&quot;:&quot;&quot;,&quot;caption&quot;:&quot;&quot;,&quot;created_timestamp&quot;:&quot;0&quot;,&quot;copyright&quot;:&quot;&quot;,&quot;focal_length&quot;:&quot;0&quot;,&quot;iso&quot;:&quot;0&quot;,&quot;shutter_speed&quot;:&quot;0&quot;,&quot;title&quot;:&quot;&quot;,&quot;orientation&quot;:&quot;0&quot;}\" data-image-title=\"Infinity walls black white green\" data-image-description=\"\" data-image-caption=\"\" data-medium-file=\"https:\/\/i0.wp.com\/flyawayrecordingandmediastudiomontreal.com\/wp-content\/uploads\/2022\/08\/img_2117.jpg?fit=300%2C169&amp;ssl=1\" data-large-file=\"https:\/\/i0.wp.com\/flyawayrecordingandmediastudiomontreal.com\/wp-content\/uploads\/2022\/08\/img_2117.jpg?fit=748%2C421&amp;ssl=1\" data-id=\"48\" src=\"https:\/\/i0.wp.com\/flyawayrecordingandmediastudiomontreal.com\/wp-content\/uploads\/2022\/08\/img_2117.jpg?resize=748%2C421&#038;ssl=1\" alt=\"S\u00e9ance photo avec choix de lumi\u00e8re pour tous les projets de nos visiteurs, fonds blanc, noir et vert \u00e0 Montr\u00e9al, Qu\u00e9bec \" class=\"wp-image-48\"\/><\/figure>\n<\/figure>\n<\/div>\n<\/div>","protected":false},"excerpt":{"rendered":"<p>Chez Fly Away Music and Media Recording Studio, nous sommes experts en services de production vid\u00e9o et en s\u00e9ances photo professionnelles pour nos clients \u00e0 Montr\u00e9al, Canada. Consultez notre\u2026 <a class=\"more-link\" href=\"https:\/\/flyawayrecordingandmediastudiomontreal.com\/fr\/studio-musique-montreal\/studio-photo-video\/\">Plus <span class=\"screen-reader-text\">Studio Photos &amp; Studio Vid\u00e9os, Montr\u00e9al<\/span><\/a><\/p>","protected":false},"author":76224011,"featured_media":210,"parent":2,"menu_order":0,"comment_status":"closed","ping_status":"closed","template":"","meta":{"_crdt_document":"","om_disable_all_campaigns":false,"_uag_custom_page_level_css":"","_lmt_disableupdate":"","_lmt_disable":"","_monsterinsights_skip_tracking":false,"_monsterinsights_sitenote_active":false,"_monsterinsights_sitenote_note":"","_monsterinsights_sitenote_category":0,"jetpack_post_was_ever_published":false,"footnotes":""},"tags":[35890],"class_list":["post-96","page","type-page","status-publish","has-post-thumbnail","hentry","tag-featured"],"uagb_featured_image_src":{"full":["https:\/\/i0.wp.com\/flyawayrecordingandmediastudiomontreal.com\/wp-content\/uploads\/2022\/10\/Screen-Shot-2022-08-23-at-10.12.06-PM.png?fit=3426%2C1930&ssl=1",3426,1930,false],"thumbnail":["https:\/\/i0.wp.com\/flyawayrecordingandmediastudiomontreal.com\/wp-content\/uploads\/2022\/10\/Screen-Shot-2022-08-23-at-10.12.06-PM.png?resize=150%2C150&ssl=1",150,150,true],"medium":["https:\/\/i0.wp.com\/flyawayrecordingandmediastudiomontreal.com\/wp-content\/uploads\/2022\/10\/Screen-Shot-2022-08-23-at-10.12.06-PM.png?fit=300%2C169&ssl=1",300,169,true],"medium_large":["https:\/\/i0.wp.com\/flyawayrecordingandmediastudiomontreal.com\/wp-content\/uploads\/2022\/10\/Screen-Shot-2022-08-23-at-10.12.06-PM.png?fit=748%2C422&ssl=1",748,422,true],"large":["https:\/\/i0.wp.com\/flyawayrecordingandmediastudiomontreal.com\/wp-content\/uploads\/2022\/10\/Screen-Shot-2022-08-23-at-10.12.06-PM.png?fit=748%2C421&ssl=1",748,421,true],"1536x1536":["https:\/\/i0.wp.com\/flyawayrecordingandmediastudiomontreal.com\/wp-content\/uploads\/2022\/10\/Screen-Shot-2022-08-23-at-10.12.06-PM.png?fit=1536%2C865&ssl=1",1536,865,true],"2048x2048":["https:\/\/i0.wp.com\/flyawayrecordingandmediastudiomontreal.com\/wp-content\/uploads\/2022\/10\/Screen-Shot-2022-08-23-at-10.12.06-PM.png?fit=2048%2C1154&ssl=1",2048,1154,true],"trp-custom-language-flag":["https:\/\/i0.wp.com\/flyawayrecordingandmediastudiomontreal.com\/wp-content\/uploads\/2022\/10\/Screen-Shot-2022-08-23-at-10.12.06-PM.png?fit=18%2C10&ssl=1",18,10,true],"newspack-article-block-landscape-large":["https:\/\/i0.wp.com\/flyawayrecordingandmediastudiomontreal.com\/wp-content\/uploads\/2022\/10\/Screen-Shot-2022-08-23-at-10.12.06-PM.png?resize=1200%2C900&ssl=1",1200,900,true],"newspack-article-block-portrait-large":["https:\/\/i0.wp.com\/flyawayrecordingandmediastudiomontreal.com\/wp-content\/uploads\/2022\/10\/Screen-Shot-2022-08-23-at-10.12.06-PM.png?resize=900%2C1200&ssl=1",900,1200,true],"newspack-article-block-square-large":["https:\/\/i0.wp.com\/flyawayrecordingandmediastudiomontreal.com\/wp-content\/uploads\/2022\/10\/Screen-Shot-2022-08-23-at-10.12.06-PM.png?resize=1200%2C1200&ssl=1",1200,1200,true],"newspack-article-block-landscape-medium":["https:\/\/i0.wp.com\/flyawayrecordingandmediastudiomontreal.com\/wp-content\/uploads\/2022\/10\/Screen-Shot-2022-08-23-at-10.12.06-PM.png?resize=800%2C600&ssl=1",800,600,true],"newspack-article-block-portrait-medium":["https:\/\/i0.wp.com\/flyawayrecordingandmediastudiomontreal.com\/wp-content\/uploads\/2022\/10\/Screen-Shot-2022-08-23-at-10.12.06-PM.png?resize=600%2C800&ssl=1",600,800,true],"newspack-article-block-square-medium":["https:\/\/i0.wp.com\/flyawayrecordingandmediastudiomontreal.com\/wp-content\/uploads\/2022\/10\/Screen-Shot-2022-08-23-at-10.12.06-PM.png?resize=800%2C800&ssl=1",800,800,true],"newspack-article-block-landscape-intermediate":["https:\/\/i0.wp.com\/flyawayrecordingandmediastudiomontreal.com\/wp-content\/uploads\/2022\/10\/Screen-Shot-2022-08-23-at-10.12.06-PM.png?resize=600%2C450&ssl=1",600,450,true],"newspack-article-block-portrait-intermediate":["https:\/\/i0.wp.com\/flyawayrecordingandmediastudiomontreal.com\/wp-content\/uploads\/2022\/10\/Screen-Shot-2022-08-23-at-10.12.06-PM.png?resize=450%2C600&ssl=1",450,600,true],"newspack-article-block-square-intermediate":["https:\/\/i0.wp.com\/flyawayrecordingandmediastudiomontreal.com\/wp-content\/uploads\/2022\/10\/Screen-Shot-2022-08-23-at-10.12.06-PM.png?resize=600%2C600&ssl=1",600,600,true],"newspack-article-block-landscape-small":["https:\/\/i0.wp.com\/flyawayrecordingandmediastudiomontreal.com\/wp-content\/uploads\/2022\/10\/Screen-Shot-2022-08-23-at-10.12.06-PM.png?resize=400%2C300&ssl=1",400,300,true],"newspack-article-block-portrait-small":["https:\/\/i0.wp.com\/flyawayrecordingandmediastudiomontreal.com\/wp-content\/uploads\/2022\/10\/Screen-Shot-2022-08-23-at-10.12.06-PM.png?resize=300%2C400&ssl=1",300,400,true],"newspack-article-block-square-small":["https:\/\/i0.wp.com\/flyawayrecordingandmediastudiomontreal.com\/wp-content\/uploads\/2022\/10\/Screen-Shot-2022-08-23-at-10.12.06-PM.png?resize=400%2C400&ssl=1",400,400,true],"newspack-article-block-landscape-tiny":["https:\/\/i0.wp.com\/flyawayrecordingandmediastudiomontreal.com\/wp-content\/uploads\/2022\/10\/Screen-Shot-2022-08-23-at-10.12.06-PM.png?resize=200%2C150&ssl=1",200,150,true],"newspack-article-block-portrait-tiny":["https:\/\/i0.wp.com\/flyawayrecordingandmediastudiomontreal.com\/wp-content\/uploads\/2022\/10\/Screen-Shot-2022-08-23-at-10.12.06-PM.png?resize=150%2C200&ssl=1",150,200,true],"newspack-article-block-square-tiny":["https:\/\/i0.wp.com\/flyawayrecordingandmediastudiomontreal.com\/wp-content\/uploads\/2022\/10\/Screen-Shot-2022-08-23-at-10.12.06-PM.png?resize=200%2C200&ssl=1",200,200,true],"newspack-article-block-uncropped":["https:\/\/i0.wp.com\/flyawayrecordingandmediastudiomontreal.com\/wp-content\/uploads\/2022\/10\/Screen-Shot-2022-08-23-at-10.12.06-PM.png?fit=1200%2C676&ssl=1",1200,676,true],"gateway-post-image":["https:\/\/i0.wp.com\/flyawayrecordingandmediastudiomontreal.com\/wp-content\/uploads\/2022\/10\/Screen-Shot-2022-08-23-at-10.12.06-PM.png?resize=365%2C365&ssl=1",365,365,true],"gateway-page-image":["https:\/\/i0.wp.com\/flyawayrecordingandmediastudiomontreal.com\/wp-content\/uploads\/2022\/10\/Screen-Shot-2022-08-23-at-10.12.06-PM.png?resize=500%2C500&ssl=1",500,500,true],"gateway-home":["https:\/\/i0.wp.com\/flyawayrecordingandmediastudiomontreal.com\/wp-content\/uploads\/2022\/10\/Screen-Shot-2022-08-23-at-10.12.06-PM.png?resize=2560%2C1706&ssl=1",2560,1706,true],"gateway-site-logo":["https:\/\/i0.wp.com\/flyawayrecordingandmediastudiomontreal.com\/wp-content\/uploads\/2022\/10\/Screen-Shot-2022-08-23-at-10.12.06-PM.png?fit=300%2C169&ssl=1",300,169,true]},"uagb_author_info":{"display_name":"Calypso","author_link":"https:\/\/flyawayrecordingandmediastudiomontreal.com\/fr\/author\/calyp23\/"},"uagb_comment_info":0,"uagb_excerpt":"At Fly Away Music and Media Recording Studio, we are experts in video production services and professional photoshoots for our clients in Montreal, Canada. Check out our &hellip; Plus Photo Studio &#038; Video Studio, Montreal","jetpack_likes_enabled":true,"jetpack_sharing_enabled":true,"jetpack_shortlink":"https:\/\/wp.me\/PebNY1-1y","jetpack-related-posts":[],"_links":{"self":[{"href":"https:\/\/flyawayrecordingandmediastudiomontreal.com\/fr\/wp-json\/wp\/v2\/pages\/96","targetHints":{"allow":["GET"]}}],"collection":[{"href":"https:\/\/flyawayrecordingandmediastudiomontreal.com\/fr\/wp-json\/wp\/v2\/pages"}],"about":[{"href":"https:\/\/flyawayrecordingandmediastudiomontreal.com\/fr\/wp-json\/wp\/v2\/types\/page"}],"author":[{"embeddable":true,"href":"https:\/\/flyawayrecordingandmediastudiomontreal.com\/fr\/wp-json\/wp\/v2\/users\/76224011"}],"replies":[{"embeddable":true,"href":"https:\/\/flyawayrecordingandmediastudiomontreal.com\/fr\/wp-json\/wp\/v2\/comments?post=96"}],"version-history":[{"count":0,"href":"https:\/\/flyawayrecordingandmediastudiomontreal.com\/fr\/wp-json\/wp\/v2\/pages\/96\/revisions"}],"up":[{"embeddable":true,"href":"https:\/\/flyawayrecordingandmediastudiomontreal.com\/fr\/wp-json\/wp\/v2\/pages\/2"}],"wp:featuredmedia":[{"embeddable":true,"href":"https:\/\/flyawayrecordingandmediastudiomontreal.com\/fr\/wp-json\/wp\/v2\/media\/210"}],"wp:attachment":[{"href":"https:\/\/flyawayrecordingandmediastudiomontreal.com\/fr\/wp-json\/wp\/v2\/media?parent=96"}],"wp:term":[{"taxonomy":"post_tag","embeddable":true,"href":"https:\/\/flyawayrecordingandmediastudiomontreal.com\/fr\/wp-json\/wp\/v2\/tags?post=96"}],"curies":[{"name":"wp","href":"https:\/\/api.w.org\/{rel}","templated":true}]}}